{"id":1257,"date":"2020-10-16T14:37:50","date_gmt":"2020-10-16T12:37:50","guid":{"rendered":"https:\/\/airplane.aero\/carriere\/"},"modified":"2025-03-13T12:31:28","modified_gmt":"2025-03-13T11:31:28","slug":"career","status":"publish","type":"page","link":"https:\/\/airplane.aero\/en\/career\/","title":{"rendered":"Career"},"content":{"rendered":"<div class=\"wpb-content-wrapper\"><p>[vc_row el_class=&#8221;container&#8221;][vc_column width=&#8221;1\/4&#8243;][\/vc_column][vc_column width=&#8221;1\/2&#8243;][\/vc_column][vc_column width=&#8221;1\/4&#8243;][vc_column_text css_animation=&#8221;fadeIn&#8221; el_class=&#8221;back&#8221;]<a href=\"\/en\/#carreer\">Back<\/a>[\/vc_column_text][\/vc_column][\/vc_row][vc_row el_class=&#8221;container&#8221;][vc_column][vc_empty_space height=&#8221;80px&#8221;][vc_column_text el_class=&#8221;text-blue uppercase&#8221;]<\/p>\r\n<h2>CAREER<\/h2>\r\n<p>[\/vc_column_text][vc_empty_space][\/vc_column][\/vc_row][vc_row full_width=&#8221;stretch_row&#8221; el_id=&#8221;introCarr&#8221; css=&#8221;.vc_custom_1603378487611{background-color: #00369c !important;}&#8221;][vc_column css=&#8221;.vc_custom_1603286773009{padding-right: 10px !important;}&#8221;][vc_empty_space height=&#8221;40px&#8221;][vc_row_inner el_class=&#8221;container&#8221;][vc_column_inner][vc_column_text css_animation=&#8221;fadeIn&#8221; el_class=&#8221;blueBg text-white&#8221; el_id=&#8221;carriere&#8221;]<\/p>\r\n<h1>AIRPLANE is a group quickly growing and we recruit<br \/>on a regular basis, passionate and dynamic co-workers<br \/>who wish to join the exciting challenge in aviation.<\/h1>\r\n<p>[\/vc_column_text][\/vc_column_inner][\/vc_row_inner][vc_empty_space height=&#8221;40px&#8221;][\/vc_column][\/vc_row][vc_row equal_height=&#8221;yes&#8221;][vc_column css=&#8221;.vc_custom_1603286773009{padding-right: 10px !important;}&#8221;][vc_empty_space height=&#8221;40px&#8221;][vc_row_inner el_class=&#8221;container&#8221;][vc_column_inner width=&#8221;1\/2&#8243;][vc_column_text]Our areas of expertise are numerous, technical &amp; organizational. They are related to aircraft painting at AIRPLANE PAINTER, aircraft maintenance and repairs at AIRPLANE DELIVERY along with design and innovation at AIRPLANE TECHNICS.<\/p>\r\n<p>The crucial values that we share in our companies are respect and honor. We emphasize on personal development, training &amp; learning of new skills so that it can lead our co-workers towards personal and professional satisfaction, towards a committed life aiming for excellence.[\/vc_column_text][\/vc_column_inner][vc_column_inner width=&#8221;1\/2&#8243;][vc_column_text]<\/p>\r\n<p>If you share these values and would like to join AIRPLANE, don&#8217;t hesitate to apply to the advertisements below.<\/p>\r\n<p>Welcome to the AIRPLANE adventure!<\/p>\r\n<p>Gender equality index: 76\/100<\/p>\r\n<p>[\/vc_column_text][\/vc_column_inner][\/vc_row_inner][vc_empty_space height=&#8221;80px&#8221;][\/vc_column][\/vc_row][vc_row full_width=&#8221;stretch_row_content_no_spaces&#8221; equal_height=&#8221;yes&#8221; content_placement=&#8221;bottom&#8221; css=&#8221;.vc_custom_1603378324995{padding-top: 80px !important;}&#8221;][vc_column css=&#8221;.vc_custom_1603286773009{padding-right: 10px !important;}&#8221;][vc_row_inner content_placement=&#8221;bottom&#8221;][vc_column_inner][vc_single_image image=&#8221;2683&#8243; img_size=&#8221;full&#8221; alignment=&#8221;center&#8221;][vc_empty_space height=&#8221;80px&#8221;][\/vc_column_inner][\/vc_row_inner][\/vc_column][\/vc_row][vc_row full_width=&#8221;stretch_row&#8221;][vc_column css=&#8221;.vc_custom_1603286773009{padding-right: 10px !important;}&#8221;][vc_empty_space height=&#8221;40px&#8221;][vc_row_inner el_class=&#8221;container&#8221;][vc_column_inner][vc_gutenberg]<div id=\"tlz-jobs\"><div class=\"tlz-job\"><div class=\"tlz-job-content\"><div class=\"tlz-job-label\">Ing\u00e9nieur M\u00e9thode et Transformation Logistique (F\/H)<\/div><div class=\"tlz-job-infos\"><span class=\"tlz-job-city\">\ud83d\udccd&nbsp;Cugnaux<\/span><span class=\"tlz-job-contract\">\ud83d\udcdd&nbsp;CDI<\/span><span class=\"tlz-job-date\">\ud83d\udd51&nbsp;April 2026<\/span><\/div><\/div><a class=\"tlz-job-button\" target=\"_blank\" href=\"https:\/\/taleez.com\/apply\/ingenieur-methode-et-transformation-logistique-f-h-cugnaux-airplane-cdi\">Postuler<\/a><\/div><div class=\"tlz-job\"><div class=\"tlz-job-content\"><div class=\"tlz-job-label\">Administrateur Syst\u00e8mes & Infrastructure \u2013 Build & MCO (F\/H)<\/div><div class=\"tlz-job-infos\"><span class=\"tlz-job-city\">\ud83d\udccd&nbsp;Cugnaux<\/span><span class=\"tlz-job-contract\">\ud83d\udcdd&nbsp;CDI<\/span><span class=\"tlz-job-date\">\ud83d\udd51&nbsp;April 2026<\/span><\/div><\/div><a class=\"tlz-job-button\" target=\"_blank\" href=\"https:\/\/taleez.com\/apply\/administrateur-systemes-infrastructure-build-mco-f-h-cugnaux-airplane-cdi\">Postuler<\/a><\/div><div class=\"tlz-job\"><div class=\"tlz-job-content\"><div class=\"tlz-job-label\">Ing\u00e9nieur Bureau Technique Shop<\/div><div class=\"tlz-job-infos\"><span class=\"tlz-job-city\">\ud83d\udccd&nbsp;Cugnaux<\/span><span class=\"tlz-job-contract\">\ud83d\udcdd&nbsp;CDI (39h)<\/span><span class=\"tlz-job-date\">\ud83d\udd51&nbsp;April 2026<\/span><\/div><\/div><a class=\"tlz-job-button\" target=\"_blank\" href=\"https:\/\/taleez.com\/apply\/ingenieur-bureau-technique-shop-cugnaux-airplane-cdi\">Postuler<\/a><\/div><div class=\"tlz-job\"><div class=\"tlz-job-content\"><div class=\"tlz-job-label\">Animateur QSE (F\/H)<\/div><div class=\"tlz-job-infos\"><span class=\"tlz-job-city\">\ud83d\udccd&nbsp;Cugnaux<\/span><span class=\"tlz-job-contract\">\ud83d\udcdd&nbsp;CDI (39h)<\/span><span class=\"tlz-job-date\">\ud83d\udd51&nbsp;April 2026<\/span><\/div><\/div><a class=\"tlz-job-button\" target=\"_blank\" href=\"https:\/\/taleez.com\/apply\/animateur-qse-f-h-cugnaux-airplane-cdi\">Postuler<\/a><\/div><div class=\"tlz-job\"><div class=\"tlz-job-content\"><div class=\"tlz-job-label\">Responsable achats (F\/H)<\/div><div class=\"tlz-job-infos\"><span class=\"tlz-job-city\">\ud83d\udccd&nbsp;Cugnaux<\/span><span class=\"tlz-job-contract\">\ud83d\udcdd&nbsp;CDI<\/span><span class=\"tlz-job-date\">\ud83d\udd51&nbsp;March 2026<\/span><\/div><\/div><a class=\"tlz-job-button\" target=\"_blank\" href=\"https:\/\/taleez.com\/apply\/responsable-achats-f-h-cugnaux-airplane-cdi\">Postuler<\/a><\/div><div class=\"tlz-job\"><div class=\"tlz-job-content\"><div class=\"tlz-job-label\">Technicien de maintenance industrielle - Moyens G\u00e9n\u00e9raux  F\/H)<\/div><div class=\"tlz-job-infos\"><span class=\"tlz-job-city\">\ud83d\udccd&nbsp;Cugnaux<\/span><span class=\"tlz-job-contract\">\ud83d\udcdd&nbsp;CDI<\/span><span class=\"tlz-job-date\">\ud83d\udd51&nbsp;March 2026<\/span><\/div><\/div><a class=\"tlz-job-button\" target=\"_blank\" href=\"https:\/\/taleez.com\/apply\/technicien-de-maintenance-industrielle-moyens-generaux-f-h-cugnaux-airplane-cdi\">Postuler<\/a><\/div><div class=\"tlz-job\"><div class=\"tlz-job-content\"><div class=\"tlz-job-label\">Technicien piste & line<\/div><div class=\"tlz-job-infos\"><span class=\"tlz-job-city\">\ud83d\udccd&nbsp;Cugnaux<\/span><span class=\"tlz-job-contract\">\ud83d\udcdd&nbsp;CDI (39h)<\/span><span class=\"tlz-job-date\">\ud83d\udd51&nbsp;March 2026<\/span><\/div><\/div><a class=\"tlz-job-button\" target=\"_blank\" href=\"https:\/\/taleez.com\/apply\/technicien-piste-line-cugnaux-airplane-cdi\">Postuler<\/a><\/div><div class=\"tlz-job\"><div class=\"tlz-job-content\"><div class=\"tlz-job-label\">Ing\u00e9nieur qualit\u00e9 syst\u00e8me et clients (F\/H)<\/div><div class=\"tlz-job-infos\"><span class=\"tlz-job-city\">\ud83d\udccd&nbsp;Cugnaux<\/span><span class=\"tlz-job-contract\">\ud83d\udcdd&nbsp;CDI<\/span><span class=\"tlz-job-date\">\ud83d\udd51&nbsp;March 2026<\/span><\/div><\/div><a class=\"tlz-job-button\" target=\"_blank\" href=\"https:\/\/taleez.com\/apply\/ingenieur-qualite-systeme-et-clients-f-h-cugnaux-airplane-cdi\">Postuler<\/a><\/div><div class=\"tlz-job\"><div class=\"tlz-job-content\"><div class=\"tlz-job-label\">Technical Customer Support (F\/H)<\/div><div class=\"tlz-job-infos\"><span class=\"tlz-job-city\">\ud83d\udccd&nbsp;Cugnaux<\/span><span class=\"tlz-job-contract\">\ud83d\udcdd&nbsp;CDI<\/span><span class=\"tlz-job-date\">\ud83d\udd51&nbsp;February 2026<\/span><\/div><\/div><a class=\"tlz-job-button\" target=\"_blank\" href=\"https:\/\/taleez.com\/apply\/key-account-manager-f-h-cugnaux-airplane-cdi\">Postuler<\/a><\/div><div class=\"tlz-job\"><div class=\"tlz-job-content\"><div class=\"tlz-job-label\">Juriste (F\/H)<\/div><div class=\"tlz-job-infos\"><span class=\"tlz-job-city\">\ud83d\udccd&nbsp;Cugnaux<\/span><span class=\"tlz-job-contract\">\ud83d\udcdd&nbsp;CDI<\/span><span class=\"tlz-job-date\">\ud83d\udd51&nbsp;February 2026<\/span><\/div><\/div><a class=\"tlz-job-button\" target=\"_blank\" href=\"https:\/\/taleez.com\/apply\/juriste-cugnaux-airplane-cdi\">Postuler<\/a><\/div><div class=\"tlz-job\"><div class=\"tlz-job-content\"><div class=\"tlz-job-label\">Chef de projet maintenance avion (F\/H)<\/div><div class=\"tlz-job-infos\"><span class=\"tlz-job-city\">\ud83d\udccd&nbsp;Toulouse<\/span><span class=\"tlz-job-contract\">\ud83d\udcdd&nbsp;CDI<\/span><span class=\"tlz-job-date\">\ud83d\udd51&nbsp;January 2026<\/span><\/div><\/div><a class=\"tlz-job-button\" target=\"_blank\" href=\"https:\/\/taleez.com\/apply\/chef-de-projet-avion-f-h-toulouse-airplane-cdi\">Postuler<\/a><\/div><div class=\"tlz-job\"><div class=\"tlz-job-content\"><div class=\"tlz-job-label\">Ing\u00e9nieur Bureau Technique Avion<\/div><div class=\"tlz-job-infos\"><span class=\"tlz-job-city\">\ud83d\udccd&nbsp;Cugnaux<\/span><span class=\"tlz-job-contract\">\ud83d\udcdd&nbsp;CDI<\/span><span class=\"tlz-job-date\">\ud83d\udd51&nbsp;November 2025<\/span><\/div><\/div><a class=\"tlz-job-button\" target=\"_blank\" href=\"https:\/\/taleez.com\/apply\/ingenieur-bureau-technique-cugnaux-airplane-cdi\">Postuler<\/a><\/div><div class=\"tlz-job\"><div class=\"tlz-job-content\"><div class=\"tlz-job-label\">Agent polyvalent pr\u00e9paration de salle peinture (F\/H)<\/div><div class=\"tlz-job-infos\"><span class=\"tlz-job-city\">\ud83d\udccd&nbsp;Cugnaux<\/span><span class=\"tlz-job-contract\">\ud83d\udcdd&nbsp;CDI<\/span><span class=\"tlz-job-date\">\ud83d\udd51&nbsp;September 2025<\/span><\/div><\/div><a class=\"tlz-job-button\" target=\"_blank\" href=\"https:\/\/taleez.com\/apply\/preparateur-de-salle-peinture-f-h-cugnaux-airplane-cdi\">Postuler<\/a><\/div><div class=\"tlz-job\"><div class=\"tlz-job-content\"><div class=\"tlz-job-label\">Ing\u00e9nieur Planning Maintenance Avion (F\/H)<\/div><div class=\"tlz-job-infos\"><span class=\"tlz-job-city\">\ud83d\udccd&nbsp;Cugnaux<\/span><span class=\"tlz-job-contract\">\ud83d\udcdd&nbsp;CDI<\/span><span class=\"tlz-job-date\">\ud83d\udd51&nbsp;July 2025<\/span><\/div><\/div><a class=\"tlz-job-button\" target=\"_blank\" href=\"https:\/\/taleez.com\/apply\/master-scheduler-experimente-f-h-cugnaux-airplane-cdi\">Postuler<\/a><\/div><div class=\"tlz-job\"><div class=\"tlz-job-content\"><div class=\"tlz-job-label\">Technicien B2 avionique ATR et EMBRAER (F\/H)<\/div><div class=\"tlz-job-infos\"><span class=\"tlz-job-city\">\ud83d\udccd&nbsp;Cugnaux<\/span><span class=\"tlz-job-contract\">\ud83d\udcdd&nbsp;CDI<\/span><span class=\"tlz-job-date\">\ud83d\udd51&nbsp;February 2025<\/span><\/div><\/div><a class=\"tlz-job-button\" target=\"_blank\" href=\"https:\/\/taleez.com\/apply\/technicien-b2-avionique-atr-et-embraer-f-h-cugnaux-airplane-cdi\">Postuler<\/a><\/div><div class=\"tlz-job\"><div class=\"tlz-job-content\"><div class=\"tlz-job-label\">Contr\u00f4leur qualit\u00e9 en peinture a\u00e9ronautique (F\/H)<\/div><div class=\"tlz-job-infos\"><span class=\"tlz-job-city\">\ud83d\udccd&nbsp;Cugnaux<\/span><span class=\"tlz-job-contract\">\ud83d\udcdd&nbsp;CDI<\/span><span class=\"tlz-job-date\">\ud83d\udd51&nbsp;October 2024<\/span><\/div><\/div><a class=\"tlz-job-button\" target=\"_blank\" href=\"https:\/\/taleez.com\/apply\/paint-project-manager-cugnaux-airplane-cdi\">Postuler<\/a><\/div><div class=\"tlz-job\"><div class=\"tlz-job-content\"><div class=\"tlz-job-label\">Chef avion \/ Chef d'\u00e9quipe avion (F\/H)<\/div><div class=\"tlz-job-infos\"><span class=\"tlz-job-city\">\ud83d\udccd&nbsp;Cugnaux<\/span><span class=\"tlz-job-contract\">\ud83d\udcdd&nbsp;CDI<\/span><span class=\"tlz-job-date\">\ud83d\udd51&nbsp;June 2024<\/span><\/div><\/div><a class=\"tlz-job-button\" target=\"_blank\" href=\"https:\/\/taleez.com\/apply\/chef-avion-chef-d-equipe-avion-f-h-cugnaux-airplane-cdi\">Postuler<\/a><\/div><div class=\"tlz-job\"><div class=\"tlz-job-content\"><div class=\"tlz-job-label\">M\u00e9canicien B1.1<\/div><div class=\"tlz-job-infos\"><span class=\"tlz-job-city\">\ud83d\udccd&nbsp;Cugnaux<\/span><span class=\"tlz-job-contract\">\ud83d\udcdd&nbsp;CDI<\/span><span class=\"tlz-job-date\">\ud83d\udd51&nbsp;June 2024<\/span><\/div><\/div><a class=\"tlz-job-button\" target=\"_blank\" href=\"https:\/\/taleez.com\/apply\/mecanicien-b1-1-cugnaux-airplane-cdi\">Postuler<\/a><\/div><div class=\"tlz-job\"><div class=\"tlz-job-content\"><div class=\"tlz-job-label\">Acheteur A\u00e9ronautique (F\/H)<\/div><div class=\"tlz-job-infos\"><span class=\"tlz-job-city\">\ud83d\udccd&nbsp;Cugnaux<\/span><span class=\"tlz-job-contract\">\ud83d\udcdd&nbsp;CDI<\/span><span class=\"tlz-job-date\">\ud83d\udd51&nbsp;June 2024<\/span><\/div><\/div><a class=\"tlz-job-button\" target=\"_blank\" href=\"https:\/\/taleez.com\/apply\/acheteur-aeronautique-cugnaux-airplane-cdi\">Postuler<\/a><\/div><div class=\"tlz-job\"><div class=\"tlz-job-content\"><div class=\"tlz-job-label\">Pr\u00e9parateur Avion (F\/H)<\/div><div class=\"tlz-job-infos\"><span class=\"tlz-job-city\">\ud83d\udccd&nbsp;Cugnaux<\/span><span class=\"tlz-job-contract\">\ud83d\udcdd&nbsp;CDI<\/span><span class=\"tlz-job-date\">\ud83d\udd51&nbsp;May 2024<\/span><\/div><\/div><a class=\"tlz-job-button\" target=\"_blank\" href=\"https:\/\/taleez.com\/apply\/preparateur-avion-cugnaux-airplane-cdi\">Postuler<\/a><\/div><div class=\"tlz-job\"><div class=\"tlz-job-content\"><div class=\"tlz-job-label\">Peintre A\u00e9ronautique (F\/H)<\/div><div class=\"tlz-job-infos\"><span class=\"tlz-job-city\">\ud83d\udccd&nbsp;Cugnaux<\/span><span class=\"tlz-job-contract\">\ud83d\udcdd&nbsp;CDI<\/span><span class=\"tlz-job-date\">\ud83d\udd51&nbsp;May 2024<\/span><\/div><\/div><a class=\"tlz-job-button\" target=\"_blank\" href=\"https:\/\/taleez.com\/apply\/peintre-aeronautique-cugnaux-airplane-cdi\">Postuler<\/a><\/div><\/div>\n[\/vc_gutenberg][\/vc_column_inner][\/vc_row_inner][vc_empty_space height=&#8221;40px&#8221;][\/vc_column][\/vc_row][vc_row css=&#8221;.vc_custom_1741768428797{background-color: #00369c !important;}&#8221;][vc_column css=&#8221;.vc_custom_1603286773009{padding-right: 10px !important;}&#8221;][vc_empty_space height=&#8221;40px&#8221;][vc_row_inner content_placement=&#8221;middle&#8221; el_class=&#8221;container&#8221; css=&#8221;.vc_custom_1741768274254{background-color: #00369c !important;}&#8221;][vc_column_inner css=&#8221;.vc_custom_1741768306751{background-color: #00369c !important;}&#8221;][vc_btn title=&#8221;APPLY&#8221; shape=&#8221;square&#8221; color=&#8221;white&#8221; size=&#8221;lg&#8221; align=&#8221;center&#8221; button_block=&#8221;true&#8221; link=&#8221;url:https%3A%2F%2Ftaleez.com%2Fapply%2Fsp%2Fairplane%3Futm_source%3Dcareer|title:APPLY|target:_blank&#8221; css=&#8221;.vc_custom_1741768364917{padding-top: 50px !important;padding-right: 50px !important;padding-bottom: 50px !important;padding-left: 50px !important;background-color: #1e73be !important;}&#8221;][\/vc_column_inner][\/vc_row_inner][vc_empty_space height=&#8221;40px&#8221;][\/vc_column][\/vc_row]<\/p><\/div>","protected":false},"excerpt":{"rendered":"<p>[vc_row el_class=&#8221;container&#8221;][vc_column width=&#8221;1\/4&#8243;][\/vc_column][vc_column width=&#8221;1\/2&#8243;][\/vc_column][vc_column width=&#8221;1\/4&#8243;][vc_column_text css_animation=&#8221;fadeIn&#8221; el_class=&#8221;back&#8221;]Back[\/vc_column_text][\/vc_column][\/vc_row][vc_row el_class=&#8221;container&#8221;][vc_column][vc_empty_space height=&#8221;80px&#8221;][vc_column_text el_class=&#8221;text-blue uppercase&#8221;] CAREER [\/vc_column_text][vc_empty_space][\/vc_column][\/vc_row][vc_row full_width=&#8221;stretch_row&#8221; el_id=&#8221;introCarr&#8221; css=&#8221;.vc_custom_1603378487611{background-color: #00369c !important;}&#8221;][vc_column css=&#8221;.vc_custom_1603286773009{padding-right: 10px !important;}&#8221;][vc_empty_space height=&#8221;40px&#8221;][vc_row_inner el_class=&#8221;container&#8221;][vc_column_inner][vc_column_text css_animation=&#8221;fadeIn&#8221; el_class=&#8221;blueBg text-white&#8221; el_id=&#8221;carriere&#8221;] AIRPLANE is a group quickly growing and we recruiton a regular basis, passionate and dynamic co-workerswho wish to join the exciting challenge in aviation. [\/vc_column_text][\/vc_column_inner][\/vc_row_inner][vc_empty_space height=&#8221;40px&#8221;][\/vc_column][\/vc_row][vc_row equal_height=&#8221;yes&#8221;][vc_column css=&#8221;.vc_custom_1603286773009{padding-right:&#8230;<\/p>\n","protected":false},"author":4,"featured_media":0,"parent":0,"menu_order":0,"comment_status":"closed","ping_status":"closed","template":"","meta":{"_acf_changed":false,"footnotes":""},"class_list":["post-1257","page","type-page","status-publish","hentry"],"acf":[],"yoast_head":"<!-- This site is optimized with the Yoast SEO plugin v26.8 - https:\/\/yoast.com\/product\/yoast-seo-wordpress\/ -->\n<title>Career - Airplane<\/title>\n<meta name=\"robots\" content=\"index, follow, max-snippet:-1, max-image-preview:large, max-video-preview:-1\" \/>\n<link rel=\"canonical\" href=\"https:\/\/airplane.aero\/en\/career\/\" \/>\n<meta property=\"og:locale\" content=\"en_US\" \/>\n<meta property=\"og:type\" content=\"article\" \/>\n<meta property=\"og:title\" content=\"Career - Airplane\" \/>\n<meta property=\"og:description\" content=\"[vc_row el_class=&#8221;container&#8221;][vc_column width=&#8221;1\/4&#8243;][\/vc_column][vc_column width=&#8221;1\/2&#8243;][\/vc_column][vc_column width=&#8221;1\/4&#8243;][vc_column_text css_animation=&#8221;fadeIn&#8221; el_class=&#8221;back&#8221;]Back[\/vc_column_text][\/vc_column][\/vc_row][vc_row el_class=&#8221;container&#8221;][vc_column][vc_empty_space height=&#8221;80px&#8221;][vc_column_text el_class=&#8221;text-blue uppercase&#8221;] CAREER [\/vc_column_text][vc_empty_space][\/vc_column][\/vc_row][vc_row full_width=&#8221;stretch_row&#8221; el_id=&#8221;introCarr&#8221; css=&#8221;.vc_custom_1603378487611{background-color: #00369c !important;}&#8221;][vc_column css=&#8221;.vc_custom_1603286773009{padding-right: 10px !important;}&#8221;][vc_empty_space height=&#8221;40px&#8221;][vc_row_inner el_class=&#8221;container&#8221;][vc_column_inner][vc_column_text css_animation=&#8221;fadeIn&#8221; el_class=&#8221;blueBg text-white&#8221; el_id=&#8221;carriere&#8221;] AIRPLANE is a group quickly growing and we recruiton a regular basis, passionate and dynamic co-workerswho wish to join the exciting challenge in aviation. [\/vc_column_text][\/vc_column_inner][\/vc_row_inner][vc_empty_space height=&#8221;40px&#8221;][\/vc_column][\/vc_row][vc_row equal_height=&#8221;yes&#8221;][vc_column css=&#8221;.vc_custom_1603286773009{padding-right:...\" \/>\n<meta property=\"og:url\" content=\"https:\/\/airplane.aero\/en\/career\/\" \/>\n<meta property=\"og:site_name\" content=\"Airplane\" \/>\n<meta property=\"article:modified_time\" content=\"2025-03-13T11:31:28+00:00\" \/>\n<meta name=\"twitter:card\" content=\"summary_large_image\" \/>\n<meta name=\"twitter:label1\" content=\"Est. reading time\" \/>\n\t<meta name=\"twitter:data1\" content=\"2 minutes\" \/>\n<script type=\"application\/ld+json\" class=\"yoast-schema-graph\">{\"@context\":\"https:\/\/schema.org\",\"@graph\":[{\"@type\":\"WebPage\",\"@id\":\"https:\/\/airplane.aero\/en\/career\/\",\"url\":\"https:\/\/airplane.aero\/en\/career\/\",\"name\":\"Career - Airplane\",\"isPartOf\":{\"@id\":\"https:\/\/airplane.aero\/en\/#website\"},\"datePublished\":\"2020-10-16T12:37:50+00:00\",\"dateModified\":\"2025-03-13T11:31:28+00:00\",\"breadcrumb\":{\"@id\":\"https:\/\/airplane.aero\/en\/career\/#breadcrumb\"},\"inLanguage\":\"en-US\",\"potentialAction\":[{\"@type\":\"ReadAction\",\"target\":[\"https:\/\/airplane.aero\/en\/career\/\"]}]},{\"@type\":\"BreadcrumbList\",\"@id\":\"https:\/\/airplane.aero\/en\/career\/#breadcrumb\",\"itemListElement\":[{\"@type\":\"ListItem\",\"position\":1,\"name\":\"Home\",\"item\":\"https:\/\/airplane.aero\/en\/\"},{\"@type\":\"ListItem\",\"position\":2,\"name\":\"Career\"}]},{\"@type\":\"WebSite\",\"@id\":\"https:\/\/airplane.aero\/en\/#website\",\"url\":\"https:\/\/airplane.aero\/en\/\",\"name\":\"Airplane\",\"description\":\"\",\"publisher\":{\"@id\":\"https:\/\/airplane.aero\/en\/#organization\"},\"potentialAction\":[{\"@type\":\"SearchAction\",\"target\":{\"@type\":\"EntryPoint\",\"urlTemplate\":\"https:\/\/airplane.aero\/en\/?s={search_term_string}\"},\"query-input\":{\"@type\":\"PropertyValueSpecification\",\"valueRequired\":true,\"valueName\":\"search_term_string\"}}],\"inLanguage\":\"en-US\"},{\"@type\":\"Organization\",\"@id\":\"https:\/\/airplane.aero\/en\/#organization\",\"name\":\"Airplane\",\"url\":\"https:\/\/airplane.aero\/en\/\",\"logo\":{\"@type\":\"ImageObject\",\"inLanguage\":\"en-US\",\"@id\":\"https:\/\/airplane.aero\/en\/#\/schema\/logo\/image\/\",\"url\":\"https:\/\/airplane.aero\/wp-content\/uploads\/2021\/03\/logo-AIRPLANE-RVB.png\",\"contentUrl\":\"https:\/\/airplane.aero\/wp-content\/uploads\/2021\/03\/logo-AIRPLANE-RVB.png\",\"width\":644,\"height\":338,\"caption\":\"Airplane\"},\"image\":{\"@id\":\"https:\/\/airplane.aero\/en\/#\/schema\/logo\/image\/\"}}]}<\/script>\n<!-- \/ Yoast SEO plugin. -->","yoast_head_json":{"title":"Career - Airplane","robots":{"index":"index","follow":"follow","max-snippet":"max-snippet:-1","max-image-preview":"max-image-preview:large","max-video-preview":"max-video-preview:-1"},"canonical":"https:\/\/airplane.aero\/en\/career\/","og_locale":"en_US","og_type":"article","og_title":"Career - Airplane","og_description":"[vc_row el_class=&#8221;container&#8221;][vc_column width=&#8221;1\/4&#8243;][\/vc_column][vc_column width=&#8221;1\/2&#8243;][\/vc_column][vc_column width=&#8221;1\/4&#8243;][vc_column_text css_animation=&#8221;fadeIn&#8221; el_class=&#8221;back&#8221;]Back[\/vc_column_text][\/vc_column][\/vc_row][vc_row el_class=&#8221;container&#8221;][vc_column][vc_empty_space height=&#8221;80px&#8221;][vc_column_text el_class=&#8221;text-blue uppercase&#8221;] CAREER [\/vc_column_text][vc_empty_space][\/vc_column][\/vc_row][vc_row full_width=&#8221;stretch_row&#8221; el_id=&#8221;introCarr&#8221; css=&#8221;.vc_custom_1603378487611{background-color: #00369c !important;}&#8221;][vc_column css=&#8221;.vc_custom_1603286773009{padding-right: 10px !important;}&#8221;][vc_empty_space height=&#8221;40px&#8221;][vc_row_inner el_class=&#8221;container&#8221;][vc_column_inner][vc_column_text css_animation=&#8221;fadeIn&#8221; el_class=&#8221;blueBg text-white&#8221; el_id=&#8221;carriere&#8221;] AIRPLANE is a group quickly growing and we recruiton a regular basis, passionate and dynamic co-workerswho wish to join the exciting challenge in aviation. [\/vc_column_text][\/vc_column_inner][\/vc_row_inner][vc_empty_space height=&#8221;40px&#8221;][\/vc_column][\/vc_row][vc_row equal_height=&#8221;yes&#8221;][vc_column css=&#8221;.vc_custom_1603286773009{padding-right:...","og_url":"https:\/\/airplane.aero\/en\/career\/","og_site_name":"Airplane","article_modified_time":"2025-03-13T11:31:28+00:00","twitter_card":"summary_large_image","twitter_misc":{"Est. reading time":"2 minutes"},"schema":{"@context":"https:\/\/schema.org","@graph":[{"@type":"WebPage","@id":"https:\/\/airplane.aero\/en\/career\/","url":"https:\/\/airplane.aero\/en\/career\/","name":"Career - Airplane","isPartOf":{"@id":"https:\/\/airplane.aero\/en\/#website"},"datePublished":"2020-10-16T12:37:50+00:00","dateModified":"2025-03-13T11:31:28+00:00","breadcrumb":{"@id":"https:\/\/airplane.aero\/en\/career\/#breadcrumb"},"inLanguage":"en-US","potentialAction":[{"@type":"ReadAction","target":["https:\/\/airplane.aero\/en\/career\/"]}]},{"@type":"BreadcrumbList","@id":"https:\/\/airplane.aero\/en\/career\/#breadcrumb","itemListElement":[{"@type":"ListItem","position":1,"name":"Home","item":"https:\/\/airplane.aero\/en\/"},{"@type":"ListItem","position":2,"name":"Career"}]},{"@type":"WebSite","@id":"https:\/\/airplane.aero\/en\/#website","url":"https:\/\/airplane.aero\/en\/","name":"Airplane","description":"","publisher":{"@id":"https:\/\/airplane.aero\/en\/#organization"},"potentialAction":[{"@type":"SearchAction","target":{"@type":"EntryPoint","urlTemplate":"https:\/\/airplane.aero\/en\/?s={search_term_string}"},"query-input":{"@type":"PropertyValueSpecification","valueRequired":true,"valueName":"search_term_string"}}],"inLanguage":"en-US"},{"@type":"Organization","@id":"https:\/\/airplane.aero\/en\/#organization","name":"Airplane","url":"https:\/\/airplane.aero\/en\/","logo":{"@type":"ImageObject","inLanguage":"en-US","@id":"https:\/\/airplane.aero\/en\/#\/schema\/logo\/image\/","url":"https:\/\/airplane.aero\/wp-content\/uploads\/2021\/03\/logo-AIRPLANE-RVB.png","contentUrl":"https:\/\/airplane.aero\/wp-content\/uploads\/2021\/03\/logo-AIRPLANE-RVB.png","width":644,"height":338,"caption":"Airplane"},"image":{"@id":"https:\/\/airplane.aero\/en\/#\/schema\/logo\/image\/"}}]}},"_links":{"self":[{"href":"https:\/\/airplane.aero\/en\/wp-json\/wp\/v2\/pages\/1257","targetHints":{"allow":["GET"]}}],"collection":[{"href":"https:\/\/airplane.aero\/en\/wp-json\/wp\/v2\/pages"}],"about":[{"href":"https:\/\/airplane.aero\/en\/wp-json\/wp\/v2\/types\/page"}],"author":[{"embeddable":true,"href":"https:\/\/airplane.aero\/en\/wp-json\/wp\/v2\/users\/4"}],"replies":[{"embeddable":true,"href":"https:\/\/airplane.aero\/en\/wp-json\/wp\/v2\/comments?post=1257"}],"version-history":[{"count":28,"href":"https:\/\/airplane.aero\/en\/wp-json\/wp\/v2\/pages\/1257\/revisions"}],"predecessor-version":[{"id":2688,"href":"https:\/\/airplane.aero\/en\/wp-json\/wp\/v2\/pages\/1257\/revisions\/2688"}],"wp:attachment":[{"href":"https:\/\/airplane.aero\/en\/wp-json\/wp\/v2\/media?parent=1257"}],"curies":[{"name":"wp","href":"https:\/\/api.w.org\/{rel}","templated":true}]}}